{"id":67,"date":"2025-11-19T09:26:39","date_gmt":"2025-11-19T09:26:39","guid":{"rendered":"https:\/\/native-texts.de\/preise\/"},"modified":"2026-03-04T19:54:15","modified_gmt":"2026-03-04T19:54:15","slug":"preise","status":"publish","type":"page","link":"https:\/\/native-texts.de\/en\/preise\/","title":{"rendered":"Preise"},"content":{"rendered":"\n<div class=\"wp-block-group alignfull has-background-background-color has-background has-global-padding is-layout-constrained wp-container-core-group-is-layout-254d6575 wp-block-group-is-layout-constrained\" id=\"preise\" style=\"margin-top:0;margin-bottom:0;padding-top:var(--wp--preset--spacing--60);padding-right:var(--wp--preset--spacing--30);padding-bottom:var(--wp--preset--spacing--60);padding-left:var(--wp--preset--spacing--30)\">\n<div class=\"wp-block-group alignwide is-vertical is-layout-flex wp-container-core-group-is-layout-fe9cc265 wp-block-group-is-layout-flex\">\n<div class=\"wp-block-group alignwide has-global-padding is-content-justification-left is-layout-constrained wp-container-core-group-is-layout-8b4c372c wp-block-group-is-layout-constrained\">\n<h2 class=\"wp-block-heading has-text-align-left has-large-font-size\">Fachlich exakte englische Texte<\/h2>\n\n\n\n<p class=\"has-text-align-left\" style=\"margin-top:16px\">Im Folgenden finden Sie Information zu meinen Preisen. Qualit\u00e4t und Fachkompetenz inklusive.<\/p>\n<\/div>\n<\/div>\n\n\n\n<div class=\"wp-block-columns alignwide is-layout-flex wp-container-core-columns-is-layout-e1fea541 wp-block-columns-is-layout-flex\" style=\"margin-top:var(--wp--preset--spacing--50)\">\n<div class=\"wp-block-column has-tertiary-background-color has-background is-layout-flow wp-block-column-is-layout-flow\">\n<div class=\"wp-block-group has-global-padding is-layout-constrained wp-container-core-group-is-layout-23b1a4dc wp-block-group-is-layout-constrained\" style=\"padding-top:var(--wp--preset--spacing--30);padding-right:var(--wp--preset--spacing--30);padding-bottom:var(--wp--preset--spacing--30);padding-left:var(--wp--preset--spacing--30)\">\n<div class=\"wp-block-group is-content-justification-space-between is-nowrap is-layout-flex wp-container-core-group-is-layout-707e8540 wp-block-group-is-layout-flex\" style=\"border-bottom-color:var(--wp--preset--color--foreground);border-bottom-width:1px;padding-bottom:var(--wp--preset--spacing--30)\">\n<div class=\"wp-block-group has-global-padding is-layout-constrained wp-block-group-is-layout-constrained\">\n<h3 class=\"wp-block-heading has-text-align-left\" style=\"margin-top:16px;font-size:clamp(1.119rem, 1.119rem + ((1vw - 0.2rem) * 1.052), 1.75rem);\">Basispaket<\/h3>\n<\/div>\n\n\n\n<h3 class=\"wp-block-heading has-text-align-right wp-container-content-e0b89f81\" style=\"margin-top:12px;font-size:clamp(0.984rem, 0.984rem + ((1vw - 0.2rem) * 0.86), 1.5rem);font-style:normal;font-weight:700\">4,00 \u20ac pro Normseite*<br><\/h3>\n<\/div>\n\n\n\n<p class=\"has-small-font-size\" style=\"margin-top:var(--wp--preset--spacing--30)\">Basis-Lektorat wissenschaftlicher Texte mit Fokus auf sprachliche Korrektheit und Klarheit (*1.800 Zeichen inkl. Leerzeichen).<\/p>\n<\/div>\n\n\n\n<div class=\"wp-block-group has-global-padding is-layout-constrained wp-container-core-group-is-layout-23b1a4dc wp-block-group-is-layout-constrained\" style=\"padding-top:var(--wp--preset--spacing--30);padding-right:var(--wp--preset--spacing--30);padding-bottom:var(--wp--preset--spacing--30);padding-left:var(--wp--preset--spacing--30)\">\n<div class=\"wp-block-group is-content-justification-space-between is-nowrap is-layout-flex wp-container-core-group-is-layout-707e8540 wp-block-group-is-layout-flex\" style=\"border-bottom-color:var(--wp--preset--color--foreground);border-bottom-width:1px;padding-bottom:var(--wp--preset--spacing--30)\">\n<div class=\"wp-block-group has-global-padding is-layout-constrained wp-block-group-is-layout-constrained\">\n<h3 class=\"wp-block-heading has-text-align-left\" style=\"margin-top:16px;font-size:clamp(1.119rem, 1.119rem + ((1vw - 0.2rem) * 1.052), 1.75rem);\">Menschpaket<\/h3>\n<\/div>\n\n\n\n<h3 class=\"wp-block-heading has-text-align-right wp-container-content-e0b89f81\" style=\"margin-top:12px;font-size:clamp(0.984rem, 0.984rem + ((1vw - 0.2rem) * 0.86), 1.5rem);font-style:normal;font-weight:700\">3,00 &#8211; 8,00 \u20ac pro Normseite*<\/h3>\n<\/div>\n\n\n\n<p class=\"has-small-font-size\" style=\"margin-top:var(--wp--preset--spacing--30)\">Humanisierung und \u00dcberpr\u00fcfung von maschinell erstellten Texten und \u00dcbersetzungen (*1.800 Zeichen inkl. Leerzeichen; Preis variiert je nach genauem Auftrag).<\/p>\n<\/div>\n<\/div>\n\n\n\n<div class=\"wp-block-column has-tertiary-background-color has-background is-layout-flow wp-block-column-is-layout-flow\">\n<div class=\"wp-block-group has-global-padding is-layout-constrained wp-container-core-group-is-layout-23b1a4dc wp-block-group-is-layout-constrained\" style=\"padding-top:var(--wp--preset--spacing--30);padding-right:var(--wp--preset--spacing--30);padding-bottom:var(--wp--preset--spacing--30);padding-left:var(--wp--preset--spacing--30)\">\n<div class=\"wp-block-group is-content-justification-space-between is-nowrap is-layout-flex wp-container-core-group-is-layout-707e8540 wp-block-group-is-layout-flex\" style=\"border-bottom-color:var(--wp--preset--color--foreground);border-bottom-width:1px;padding-bottom:var(--wp--preset--spacing--30)\">\n<div class=\"wp-block-group has-global-padding is-layout-constrained wp-block-group-is-layout-constrained\">\n<h3 class=\"wp-block-heading has-text-align-left\" style=\"margin-top:16px;font-size:clamp(1.119rem, 1.119rem + ((1vw - 0.2rem) * 1.052), 1.75rem);\">Intensivpaket<\/h3>\n<\/div>\n\n\n\n<h3 class=\"wp-block-heading has-text-align-right wp-container-content-e0b89f81\" style=\"margin-top:12px;font-size:clamp(0.984rem, 0.984rem + ((1vw - 0.2rem) * 0.86), 1.5rem);font-style:normal;font-weight:700\">6,00 \u20ac pro Normseite*<br><\/h3>\n<\/div>\n\n\n\n<p class=\"has-small-font-size\" style=\"margin-top:var(--wp--preset--spacing--30)\">Intensives Lektorat f\u00fcr sprachlich\/thematisch anspruchsvolle Texte oder Stiloptimierung (*1.800 Zeichen inkl. Leerzeichen).<\/p>\n<\/div>\n\n\n\n<div class=\"wp-block-group has-global-padding is-layout-constrained wp-container-core-group-is-layout-23b1a4dc wp-block-group-is-layout-constrained\" style=\"padding-top:var(--wp--preset--spacing--30);padding-right:var(--wp--preset--spacing--30);padding-bottom:var(--wp--preset--spacing--30);padding-left:var(--wp--preset--spacing--30)\">\n<div class=\"wp-block-group is-content-justification-space-between is-nowrap is-layout-flex wp-container-core-group-is-layout-707e8540 wp-block-group-is-layout-flex\" style=\"border-bottom-color:var(--wp--preset--color--foreground);border-bottom-width:1px;padding-bottom:var(--wp--preset--spacing--30)\">\n<div class=\"wp-block-group has-global-padding is-layout-constrained wp-block-group-is-layout-constrained\">\n<h3 class=\"wp-block-heading has-text-align-left\" style=\"margin-top:16px;font-size:clamp(1.119rem, 1.119rem + ((1vw - 0.2rem) * 1.052), 1.75rem);\">\u00dcbersetzungen<\/h3>\n<\/div>\n\n\n\n<h3 class=\"wp-block-heading has-text-align-right wp-container-content-e0b89f81\" style=\"margin-top:12px;font-size:clamp(0.984rem, 0.984rem + ((1vw - 0.2rem) * 0.86), 1.5rem);font-style:normal;font-weight:700\">auf Anfrage pro Normseite*\/Std.<br><\/h3>\n<\/div>\n\n\n\n<p class=\"has-small-font-size\" style=\"margin-top:var(--wp--preset--spacing--30)\">Umfassende \u00dcbersetzungen und Lektorate f\u00fcr medizinische Fachpublikationen (*1.800 Zeichen inkl. Leerzeichen).<\/p>\n<\/div>\n<\/div>\n<\/div>\n\n\n\n<h2 class=\"wp-block-heading has-text-align-center has-tertiary-background-color has-background\">FAQ<\/h2>\n\n\n\n<details class=\"wp-block-details is-layout-flow wp-block-details-is-layout-flow\"><summary>Welche Fachgebiete decken meine Lektorats- und \u00dcbersetzungsdienste ab?<\/summary>\n<p>Ich konzentriere mich auf Naturwissenschaften und Medizin, um pr\u00e4zise und fachlich korrekte Texte zu gew\u00e4hrleisten. Ich kann aber sehr gerne auch nicht-wissenschaftliche Texte lektorieren und \u00fcbersetzen.<\/p>\n<\/details>\n\n\n\n<details class=\"wp-block-details is-layout-flow wp-block-details-is-layout-flow\"><summary>Arbeite ich nur mit englischen und deutschen Texten?<\/summary>\n<p>Als Englisch-Muttersprachlerin lektoriere ich nur englischsprachige Texte und \u00fcbersetzte nur aus dem Deutschen ins Englische. Nur so ist h\u00f6chste Qualit\u00e4t m\u00f6glich.<\/p>\n<\/details>\n\n\n\n<details class=\"wp-block-details is-layout-flow wp-block-details-is-layout-flow\"><summary>Wie schnell kann ich mit der Fertigstellung meiner Texte rechnen?<\/summary>\n<p>Die Bearbeitungszeit variiert je nach Umfang und Komplexit\u00e4t &#8211; aber auch nach Dringlichkeit des Auftrages. Wir finden gemeinsam eine L\u00f6sung.<\/p>\n<\/details>\n\n\n\n<details class=\"wp-block-details is-layout-flow wp-block-details-is-layout-flow\"><summary>Kann ich auch nicht-wissenschaftliche Texte lektorieren lassen?<\/summary>\n<p>Sehr gerne!<\/p>\n<\/details>\n<\/div>\n","protected":false},"excerpt":{"rendered":"<p>Fachlich exakte englische Texte Im Folgenden finden Sie Information zu meinen Preisen. Qualit\u00e4t und Fachkompetenz inklusive. Basispaket 4,00 \u20ac pro Normseite* Basis-Lektorat wissenschaftlicher Texte mit Fokus auf sprachliche Korrektheit und Klarheit (*1.800 Zeichen inkl. Leerzeichen). Menschpaket 3,00 &#8211; 8,00 \u20ac pro Normseite* Humanisierung und \u00dcberpr\u00fcfung von maschinell erstellten Texten und \u00dcbersetzungen (*1.800 Zeichen inkl. Leerzeichen; [&hellip;]<\/p>\n","protected":false},"author":1,"featured_media":0,"parent":0,"menu_order":0,"comment_status":"closed","ping_status":"closed","template":"page-with-title","meta":{"footnotes":""},"class_list":["post-67","page","type-page","status-publish","hentry"],"_links":{"self":[{"href":"https:\/\/native-texts.de\/en\/wp-json\/wp\/v2\/pages\/67","targetHints":{"allow":["GET"]}}],"collection":[{"href":"https:\/\/native-texts.de\/en\/wp-json\/wp\/v2\/pages"}],"about":[{"href":"https:\/\/native-texts.de\/en\/wp-json\/wp\/v2\/types\/page"}],"author":[{"embeddable":true,"href":"https:\/\/native-texts.de\/en\/wp-json\/wp\/v2\/users\/1"}],"replies":[{"embeddable":true,"href":"https:\/\/native-texts.de\/en\/wp-json\/wp\/v2\/comments?post=67"}],"version-history":[{"count":314,"href":"https:\/\/native-texts.de\/en\/wp-json\/wp\/v2\/pages\/67\/revisions"}],"predecessor-version":[{"id":845,"href":"https:\/\/native-texts.de\/en\/wp-json\/wp\/v2\/pages\/67\/revisions\/845"}],"wp:attachment":[{"href":"https:\/\/native-texts.de\/en\/wp-json\/wp\/v2\/media?parent=67"}],"curies":[{"name":"wp","href":"https:\/\/api.w.org\/{rel}","templated":true}]}}