{"id":63,"date":"2025-11-19T09:26:38","date_gmt":"2025-11-19T09:26:38","guid":{"rendered":"https:\/\/native-texts.de\/ueber\/"},"modified":"2025-12-28T15:44:15","modified_gmt":"2025-12-28T15:44:15","slug":"ueber","status":"publish","type":"page","link":"https:\/\/native-texts.de\/en\/ueber\/","title":{"rendered":"\u00dcber"},"content":{"rendered":"\n<div class=\"wp-block-group alignfull has-background-background-color has-background has-global-padding is-layout-constrained wp-container-core-group-is-layout-7276a2bb wp-block-group-is-layout-constrained\" id=\"ueber-uns\" style=\"margin-top:0;margin-bottom:0;padding-top:var(--wp--preset--spacing--60);padding-right:var(--wp--preset--spacing--30);padding-bottom:var(--wp--preset--spacing--60);padding-left:var(--wp--preset--spacing--30)\">\n<h2 class=\"wp-block-heading has-large-font-size\">Fachkompetenz, Erfahrung, Qualit\u00e4t<\/h2>\n\n\n\n<p style=\"margin-top:16px\"><\/p>\n\n\n\n<p>Dr. Sally Aldenhoven studierte Biochemie und Molekularbiologie an der University of Oxford und der University of Edinburgh in Gro\u00dfbritannien. Sie hat einen Bachelor sowie einen Master- und einen Doktortitel. Nach mehreren Jahren in der Akademischen Forschung wechselte sie nach der Geburt ihres ersten Kindes in den Bereich Lektorat und \u00dcbersetzung, mit logischem Schwerpunkt Naturwissenschaft und Medizin. In den letzten zwei Jahrzehnten hat sie unz\u00e4hlige Artikel f\u00fcr renommierte wissenschaftliche und medizinische Fachzeitschriften sowie Online-Tutorials, B\u00fccher, Masterarbeiten sowie Drehb\u00fccher redigiert und \u00fcbersetzt. Seit 2004 lebt Sally mit ihrer Familie gl\u00fccklich in Bayern.<\/p>\n\n\n\n<figure class=\"wp-block-image aligncenter size-large is-resized is-style-rounded\"><img loading=\"lazy\" decoding=\"async\" width=\"1024\" height=\"1024\" src=\"https:\/\/native-texts.de\/wp-content\/uploads\/2025\/11\/IMG_9870-cropped-1024x1024.jpg\" alt=\"\" class=\"wp-image-207\" style=\"aspect-ratio:1;object-fit:cover;width:300px\" srcset=\"https:\/\/native-texts.de\/wp-content\/uploads\/2025\/11\/IMG_9870-cropped-1024x1024.jpg 1024w, https:\/\/native-texts.de\/wp-content\/uploads\/2025\/11\/IMG_9870-cropped-300x300.jpg 300w, https:\/\/native-texts.de\/wp-content\/uploads\/2025\/11\/IMG_9870-cropped-150x150.jpg 150w, https:\/\/native-texts.de\/wp-content\/uploads\/2025\/11\/IMG_9870-cropped-768x768.jpg 768w, https:\/\/native-texts.de\/wp-content\/uploads\/2025\/11\/IMG_9870-cropped.jpg 1250w\" sizes=\"auto, (max-width: 1024px) 100vw, 1024px\" \/><\/figure>\n\n\n\n<p class=\"has-text-align-center\">Dr. Sally Aldenhoven<\/p>\n<\/div>\n","protected":false},"excerpt":{"rendered":"<p>Fachkompetenz, Erfahrung, Qualit\u00e4t Dr. Sally Aldenhoven studierte Biochemie und Molekularbiologie an der University of Oxford und der University of Edinburgh in Gro\u00dfbritannien. Sie hat einen Bachelor sowie einen Master- und einen Doktortitel. Nach mehreren Jahren in der Akademischen Forschung wechselte sie nach der Geburt ihres ersten Kindes in den Bereich Lektorat und \u00dcbersetzung, mit logischem [&hellip;]<\/p>\n","protected":false},"author":1,"featured_media":0,"parent":0,"menu_order":0,"comment_status":"closed","ping_status":"closed","template":"page-with-title","meta":{"footnotes":""},"class_list":["post-63","page","type-page","status-publish","hentry"],"_links":{"self":[{"href":"https:\/\/native-texts.de\/en\/wp-json\/wp\/v2\/pages\/63","targetHints":{"allow":["GET"]}}],"collection":[{"href":"https:\/\/native-texts.de\/en\/wp-json\/wp\/v2\/pages"}],"about":[{"href":"https:\/\/native-texts.de\/en\/wp-json\/wp\/v2\/types\/page"}],"author":[{"embeddable":true,"href":"https:\/\/native-texts.de\/en\/wp-json\/wp\/v2\/users\/1"}],"replies":[{"embeddable":true,"href":"https:\/\/native-texts.de\/en\/wp-json\/wp\/v2\/comments?post=63"}],"version-history":[{"count":49,"href":"https:\/\/native-texts.de\/en\/wp-json\/wp\/v2\/pages\/63\/revisions"}],"predecessor-version":[{"id":795,"href":"https:\/\/native-texts.de\/en\/wp-json\/wp\/v2\/pages\/63\/revisions\/795"}],"wp:attachment":[{"href":"https:\/\/native-texts.de\/en\/wp-json\/wp\/v2\/media?parent=63"}],"curies":[{"name":"wp","href":"https:\/\/api.w.org\/{rel}","templated":true}]}}